{"id":5036,"date":"2022-05-18T12:42:25","date_gmt":"2022-05-18T10:42:25","guid":{"rendered":"http:\/\/warszawa.intercontinental.com\/sklep\/?post_type=product&#038;p=5036"},"modified":"2024-08-05T10:01:54","modified_gmt":"2024-08-05T08:01:54","slug":"pobyt-w-apartamencie-1-noc-2-osoby","status":"publish","type":"product","link":"http:\/\/warszawa.intercontinental.com\/sklep\/produkt\/pobyt-w-apartamencie-1-noc-2-osoby\/","title":{"rendered":"Pobyt w Apartamencie (1 noc \/ 2 osoby)"},"content":{"rendered":"<p data-pm-slice=\"1 1 []\" data-en-clipboard=\"true\"><span style=\"font-size: 14pt;\"><span style=\"font-family: 'times new roman', times, serif;\">Wybierzcie si\u0119<\/span><span style=\"font-family: 'times new roman', times, serif;\"> do Hotelu InterContinental Warszawa i poznajcie uroki stolicy. Pi\u0119kne wn\u0119trza Apartamentu, relaks na basenie w chmurach i pyszne \u015bniadanie z szerokim wyborem mi\u0119dzynarodowych i lokalnych specja\u0142\u00f3w to atrakcje jakie czekaj\u0105 na naszych Go\u015bci<\/span><span style=\"font-family: 'times new roman', times, serif;\">.<\/span><\/span><\/p>\n<hr \/>\n<p data-pm-slice=\"1 1 []\" data-en-clipboard=\"true\"><strong style=\"font-size: 14pt;\"><span style=\"font-family: 'times new roman', times, serif;\">Voucher zawiera:<\/span><\/strong><\/p>\n<ul>\n<li><span style=\"font-family: 'times new roman', times, serif; font-size: 14pt;\">pobyt (1 noc) w Hotelu InterContinental Warszawa w Apartamencie dla jednej os\u00f3b<\/span><\/li>\n<li><span style=\"font-family: 'times new roman', times, serif; font-size: 14pt;\">\u015bniadanie<\/span><\/li>\n<li><span style=\"font-family: 'times new roman', times, serif; font-size: 14pt;\">dost\u0119p do RiverView Wellnes Centre<\/span><\/li>\n<\/ul>\n","protected":false},"excerpt":{"rendered":"<p>Wybierzcie si\u0119 do Hotelu InterContinental Warszawa i poznajcie uroki stolicy. Pi\u0119kne wn\u0119trza Apartamentu, relaks na basenie w chmurach i pyszne \u015bniadanie z szerokim wyborem mi\u0119dzynarodowych i lokalnych specja\u0142\u00f3w to atrakcje jakie czekaj\u0105 na naszych Go\u015bci. Voucher zawiera: pobyt (1 noc) w Hotelu InterContinental Warszawa w Apartamencie dla jednej os\u00f3b \u015bniadanie dost\u0119p do RiverView Wellnes Centre<\/p>\n","protected":false},"featured_media":4993,"template":"","meta":{"_acf_changed":false},"class_list":{"0":"post-5036","1":"product","2":"type-product","3":"status-publish","4":"has-post-thumbnail","6":"product_cat-hotel","8":"first","9":"instock","10":"shipping-taxable","11":"purchasable","12":"product-type-simple"},"acf":[],"yoast_head":"<!-- This site is optimized with the Yoast SEO plugin v25.3 - https:\/\/yoast.com\/wordpress\/plugins\/seo\/ -->\n<title>Pobyt w Apartamencie (1 noc \/ 2 osoby) - InterContinental Warszawa<\/title>\n<meta name=\"robots\" content=\"index, follow, max-snippet:-1, max-image-preview:large, max-video-preview:-1\" \/>\n<link rel=\"canonical\" href=\"http:\/\/warszawa.intercontinental.com\/sklep\/produkt\/pobyt-w-apartamencie-1-noc-2-osoby\/\" \/>\n<meta property=\"og:locale\" content=\"pl_PL\" \/>\n<meta property=\"og:type\" content=\"article\" \/>\n<meta property=\"og:title\" content=\"Pobyt w Apartamencie (1 noc \/ 2 osoby) - InterContinental Warszawa\" \/>\n<meta property=\"og:description\" content=\"Wybierzcie si\u0119 do Hotelu InterContinental Warszawa i poznajcie uroki stolicy. Pi\u0119kne wn\u0119trza Apartamentu, relaks na basenie w chmurach i pyszne \u015bniadanie z szerokim wyborem mi\u0119dzynarodowych i lokalnych specja\u0142\u00f3w to atrakcje jakie czekaj\u0105 na naszych Go\u015bci. Voucher zawiera: pobyt (1 noc) w Hotelu InterContinental Warszawa w Apartamencie dla jednej os\u00f3b \u015bniadanie dost\u0119p do RiverView Wellnes Centre\" \/>\n<meta property=\"og:url\" content=\"http:\/\/warszawa.intercontinental.com\/sklep\/produkt\/pobyt-w-apartamencie-1-noc-2-osoby\/\" \/>\n<meta property=\"og:site_name\" content=\"InterContinental Warszawa\" \/>\n<meta property=\"article:modified_time\" content=\"2024-08-05T08:01:54+00:00\" \/>\n<meta property=\"og:image\" content=\"https:\/\/warszawa.intercontinental.com\/sklep\/wp-content\/uploads\/2022\/05\/suite-1-819x1024.jpg\" \/>\n\t<meta property=\"og:image:width\" content=\"819\" \/>\n\t<meta property=\"og:image:height\" content=\"1024\" \/>\n\t<meta property=\"og:image:type\" content=\"image\/jpeg\" \/>\n<meta name=\"twitter:card\" content=\"summary_large_image\" \/>\n<meta name=\"twitter:label1\" content=\"Szacowany czas czytania\" \/>\n\t<meta name=\"twitter:data1\" content=\"1 minuta\" \/>\n<script type=\"application\/ld+json\" class=\"yoast-schema-graph\">{\"@context\":\"https:\/\/schema.org\",\"@graph\":[{\"@type\":\"WebPage\",\"@id\":\"http:\/\/warszawa.intercontinental.com\/sklep\/produkt\/pobyt-w-apartamencie-1-noc-2-osoby\/\",\"url\":\"http:\/\/warszawa.intercontinental.com\/sklep\/produkt\/pobyt-w-apartamencie-1-noc-2-osoby\/\",\"name\":\"Pobyt w Apartamencie (1 noc \/ 2 osoby) - InterContinental Warszawa\",\"isPartOf\":{\"@id\":\"http:\/\/warszawa.intercontinental.com\/sklep\/#website\"},\"primaryImageOfPage\":{\"@id\":\"http:\/\/warszawa.intercontinental.com\/sklep\/produkt\/pobyt-w-apartamencie-1-noc-2-osoby\/#primaryimage\"},\"image\":{\"@id\":\"http:\/\/warszawa.intercontinental.com\/sklep\/produkt\/pobyt-w-apartamencie-1-noc-2-osoby\/#primaryimage\"},\"thumbnailUrl\":\"http:\/\/warszawa.intercontinental.com\/sklep\/wp-content\/uploads\/2022\/05\/suite-1.jpg\",\"datePublished\":\"2022-05-18T10:42:25+00:00\",\"dateModified\":\"2024-08-05T08:01:54+00:00\",\"breadcrumb\":{\"@id\":\"http:\/\/warszawa.intercontinental.com\/sklep\/produkt\/pobyt-w-apartamencie-1-noc-2-osoby\/#breadcrumb\"},\"inLanguage\":\"pl-PL\",\"potentialAction\":[{\"@type\":\"ReadAction\",\"target\":[\"http:\/\/warszawa.intercontinental.com\/sklep\/produkt\/pobyt-w-apartamencie-1-noc-2-osoby\/\"]}]},{\"@type\":\"ImageObject\",\"inLanguage\":\"pl-PL\",\"@id\":\"http:\/\/warszawa.intercontinental.com\/sklep\/produkt\/pobyt-w-apartamencie-1-noc-2-osoby\/#primaryimage\",\"url\":\"http:\/\/warszawa.intercontinental.com\/sklep\/wp-content\/uploads\/2022\/05\/suite-1.jpg\",\"contentUrl\":\"http:\/\/warszawa.intercontinental.com\/sklep\/wp-content\/uploads\/2022\/05\/suite-1.jpg\",\"width\":1701,\"height\":2126},{\"@type\":\"BreadcrumbList\",\"@id\":\"http:\/\/warszawa.intercontinental.com\/sklep\/produkt\/pobyt-w-apartamencie-1-noc-2-osoby\/#breadcrumb\",\"itemListElement\":[{\"@type\":\"ListItem\",\"position\":1,\"name\":\"Strona g\u0142\u00f3wna\",\"item\":\"https:\/\/warszawa.intercontinental.com\/sklep\/\"},{\"@type\":\"ListItem\",\"position\":2,\"name\":\"Pobyt w Apartamencie (1 noc \/ 2 osoby)\"}]},{\"@type\":\"WebSite\",\"@id\":\"http:\/\/warszawa.intercontinental.com\/sklep\/#website\",\"url\":\"http:\/\/warszawa.intercontinental.com\/sklep\/\",\"name\":\"InterContinental Warszawa\",\"description\":\"InterContinental Warszawa prezenty\",\"potentialAction\":[{\"@type\":\"SearchAction\",\"target\":{\"@type\":\"EntryPoint\",\"urlTemplate\":\"http:\/\/warszawa.intercontinental.com\/sklep\/?s={search_term_string}\"},\"query-input\":{\"@type\":\"PropertyValueSpecification\",\"valueRequired\":true,\"valueName\":\"search_term_string\"}}],\"inLanguage\":\"pl-PL\"}]}<\/script>\n<!-- \/ Yoast SEO plugin. -->","yoast_head_json":{"title":"Pobyt w Apartamencie (1 noc \/ 2 osoby) - InterContinental Warszawa","robots":{"index":"index","follow":"follow","max-snippet":"max-snippet:-1","max-image-preview":"max-image-preview:large","max-video-preview":"max-video-preview:-1"},"canonical":"http:\/\/warszawa.intercontinental.com\/sklep\/produkt\/pobyt-w-apartamencie-1-noc-2-osoby\/","og_locale":"pl_PL","og_type":"article","og_title":"Pobyt w Apartamencie (1 noc \/ 2 osoby) - InterContinental Warszawa","og_description":"Wybierzcie si\u0119 do Hotelu InterContinental Warszawa i poznajcie uroki stolicy. Pi\u0119kne wn\u0119trza Apartamentu, relaks na basenie w chmurach i pyszne \u015bniadanie z szerokim wyborem mi\u0119dzynarodowych i lokalnych specja\u0142\u00f3w to atrakcje jakie czekaj\u0105 na naszych Go\u015bci. Voucher zawiera: pobyt (1 noc) w Hotelu InterContinental Warszawa w Apartamencie dla jednej os\u00f3b \u015bniadanie dost\u0119p do RiverView Wellnes Centre","og_url":"http:\/\/warszawa.intercontinental.com\/sklep\/produkt\/pobyt-w-apartamencie-1-noc-2-osoby\/","og_site_name":"InterContinental Warszawa","article_modified_time":"2024-08-05T08:01:54+00:00","og_image":[{"width":819,"height":1024,"url":"https:\/\/warszawa.intercontinental.com\/sklep\/wp-content\/uploads\/2022\/05\/suite-1-819x1024.jpg","type":"image\/jpeg"}],"twitter_card":"summary_large_image","twitter_misc":{"Szacowany czas czytania":"1 minuta"},"schema":{"@context":"https:\/\/schema.org","@graph":[{"@type":"WebPage","@id":"http:\/\/warszawa.intercontinental.com\/sklep\/produkt\/pobyt-w-apartamencie-1-noc-2-osoby\/","url":"http:\/\/warszawa.intercontinental.com\/sklep\/produkt\/pobyt-w-apartamencie-1-noc-2-osoby\/","name":"Pobyt w Apartamencie (1 noc \/ 2 osoby) - InterContinental Warszawa","isPartOf":{"@id":"http:\/\/warszawa.intercontinental.com\/sklep\/#website"},"primaryImageOfPage":{"@id":"http:\/\/warszawa.intercontinental.com\/sklep\/produkt\/pobyt-w-apartamencie-1-noc-2-osoby\/#primaryimage"},"image":{"@id":"http:\/\/warszawa.intercontinental.com\/sklep\/produkt\/pobyt-w-apartamencie-1-noc-2-osoby\/#primaryimage"},"thumbnailUrl":"http:\/\/warszawa.intercontinental.com\/sklep\/wp-content\/uploads\/2022\/05\/suite-1.jpg","datePublished":"2022-05-18T10:42:25+00:00","dateModified":"2024-08-05T08:01:54+00:00","breadcrumb":{"@id":"http:\/\/warszawa.intercontinental.com\/sklep\/produkt\/pobyt-w-apartamencie-1-noc-2-osoby\/#breadcrumb"},"inLanguage":"pl-PL","potentialAction":[{"@type":"ReadAction","target":["http:\/\/warszawa.intercontinental.com\/sklep\/produkt\/pobyt-w-apartamencie-1-noc-2-osoby\/"]}]},{"@type":"ImageObject","inLanguage":"pl-PL","@id":"http:\/\/warszawa.intercontinental.com\/sklep\/produkt\/pobyt-w-apartamencie-1-noc-2-osoby\/#primaryimage","url":"http:\/\/warszawa.intercontinental.com\/sklep\/wp-content\/uploads\/2022\/05\/suite-1.jpg","contentUrl":"http:\/\/warszawa.intercontinental.com\/sklep\/wp-content\/uploads\/2022\/05\/suite-1.jpg","width":1701,"height":2126},{"@type":"BreadcrumbList","@id":"http:\/\/warszawa.intercontinental.com\/sklep\/produkt\/pobyt-w-apartamencie-1-noc-2-osoby\/#breadcrumb","itemListElement":[{"@type":"ListItem","position":1,"name":"Strona g\u0142\u00f3wna","item":"https:\/\/warszawa.intercontinental.com\/sklep\/"},{"@type":"ListItem","position":2,"name":"Pobyt w Apartamencie (1 noc \/ 2 osoby)"}]},{"@type":"WebSite","@id":"http:\/\/warszawa.intercontinental.com\/sklep\/#website","url":"http:\/\/warszawa.intercontinental.com\/sklep\/","name":"InterContinental Warszawa","description":"InterContinental Warszawa prezenty","potentialAction":[{"@type":"SearchAction","target":{"@type":"EntryPoint","urlTemplate":"http:\/\/warszawa.intercontinental.com\/sklep\/?s={search_term_string}"},"query-input":{"@type":"PropertyValueSpecification","valueRequired":true,"valueName":"search_term_string"}}],"inLanguage":"pl-PL"}]}},"_links":{"self":[{"href":"http:\/\/warszawa.intercontinental.com\/sklep\/wp-json\/wp\/v2\/product\/5036","targetHints":{"allow":["GET"]}}],"collection":[{"href":"http:\/\/warszawa.intercontinental.com\/sklep\/wp-json\/wp\/v2\/product"}],"about":[{"href":"http:\/\/warszawa.intercontinental.com\/sklep\/wp-json\/wp\/v2\/types\/product"}],"wp:featuredmedia":[{"embeddable":true,"href":"http:\/\/warszawa.intercontinental.com\/sklep\/wp-json\/wp\/v2\/media\/4993"}],"wp:attachment":[{"href":"http:\/\/warszawa.intercontinental.com\/sklep\/wp-json\/wp\/v2\/media?parent=5036"}],"curies":[{"name":"wp","href":"https:\/\/api.w.org\/{rel}","templated":true}]}}